{"id":261,"date":"2026-02-23T11:27:27","date_gmt":"2026-02-23T11:27:27","guid":{"rendered":"https:\/\/client12.s1.notaires-ia.fr\/?page_id=261"},"modified":"2026-04-10T07:36:03","modified_gmt":"2026-04-10T07:36:03","slug":"qui-je-suis","status":"publish","type":"page","link":"https:\/\/laila-gssime.notaires.fr\/?page_id=261","title":{"rendered":"Qui suis-je ?"},"content":{"rendered":"\t\t<div data-elementor-type=\"wp-page\" data-elementor-id=\"261\" class=\"elementor elementor-261\" data-elementor-post-type=\"page\">\n\t\t\t\t<div class=\"elementor-element elementor-element-d03b789 e-flex e-con-boxed e-con e-parent\" data-id=\"d03b789\" data-element_type=\"container\" data-settings=\"{&quot;background_background&quot;:&quot;classic&quot;}\">\n\t\t\t\t\t<div class=\"e-con-inner\">\n\t\t<div class=\"elementor-element elementor-element-990c21c e-con-full e-flex e-con e-child\" data-id=\"990c21c\" data-element_type=\"container\">\n\t\t\t\t<div class=\"elementor-element elementor-element-aee81fa elementor-widget elementor-widget-ucaddon_gradient_underline_text_effect\" data-id=\"aee81fa\" data-element_type=\"widget\" data-widget_type=\"ucaddon_gradient_underline_text_effect.default\">\n\t\t\t\t<div class=\"elementor-widget-container\">\n\t\t\t\t\t\n<!-- start Gradient Underline Text Effect -->\n<style>\/* widget: Gradient Underline Text Effect *\/\n\n#uc_gradient_underline_text_effect_elementor_aee81fa\n{\n  text-align:center;\n}\n#uc_gradient_underline_text_effect_elementor_aee81fa .underline--magical {\n  background-image: linear-gradient(120deg, #C9A84C 0%, #C9A84C 100%);\n  background-repeat: no-repeat;\n  background-size: 100% 0.2em;\n  background-position: 0 88%;\n  transition: background-size 0.25s ease-in;\n}\n#uc_gradient_underline_text_effect_elementor_aee81fa .underline--magical:hover {\n  background-size: 100% 88%;\n}\n\n<\/style>\n\n<div id=\"uc_gradient_underline_text_effect_elementor_aee81fa\" class=\"gradient_underline_text_effect\" style=\"color:#272C40;\">\n<span class=\"beginning_text\" style=\"color:;\"> Ma\u00eetre La\u00efla<\/span> \n<span class=\"underline--magical\" style=\"color:;\">GSSIME<\/span> \n<span class=\"ending_text\" style=\"color:;\"><\/span>\n<\/div>\n<!-- end Gradient Underline Text Effect -->\t\t\t\t<\/div>\n\t\t\t\t<\/div>\n\t\t\t\t<div class=\"elementor-element elementor-element-61fcfae elementor-widget elementor-widget-text-editor\" data-id=\"61fcfae\" data-element_type=\"widget\" data-widget_type=\"text-editor.default\">\n\t\t\t\t\t\t\t\t\t<p data-start=\"135\" data-end=\"371\">Notaire sp\u00e9cialis\u00e9e en droit patrimonial de la famille et en droit international priv\u00e9, <strong>j\u2019accompagne depuis plus de 20 ans<\/strong> les particuliers et les chefs d\u2019entreprise dans l\u2019organisation, la gestion et la transmission de leur patrimoine.<\/p><p data-start=\"373\" data-end=\"580\">Mon approche repose sur une analyse globale des enjeux civils et fiscaux, afin de proposer des solutions s\u00e9curis\u00e9es et adapt\u00e9es \u00e0 chaque situation, qu\u2019elle s\u2019inscrive dans un cadre national ou international.<\/p><p data-start=\"582\" data-end=\"769\">Rigoureuse, r\u00e9active et \u00e0 l\u2019\u00e9coute, je m\u2019attache \u00e0 offrir un <strong>accompagnement personnalis\u00e9, clair et structur\u00e9<\/strong>, permettant \u00e0 chacun d\u2019avancer avec s\u00e9r\u00e9nit\u00e9 dans ses d\u00e9cisions patrimoniales.<\/p>\t\t\t\t\t\t\t\t<\/div>\n\t\t\t\t<\/div>\n\t\t\t\t\t<\/div>\n\t\t\t\t<\/div>\n\t\t\t\t<\/div>\n\t\t","protected":false},"excerpt":{"rendered":"<p>Ma\u00eetre La\u00efla GSSIME Notaire sp\u00e9cialis\u00e9e en droit patrimonial de la famille et en droit international priv\u00e9, j\u2019accompagne depuis plus de 20 ans les particuliers et les chefs d\u2019entreprise dans l\u2019organisation, la gestion et la transmission de leur patrimoine. Mon approche repose sur une analyse globale des enjeux civils et fiscaux, afin de proposer des solutions [&hellip;]<\/p>\n","protected":false},"author":1,"featured_media":0,"parent":0,"menu_order":0,"comment_status":"closed","ping_status":"closed","template":"","meta":{"footnotes":""},"class_list":["post-261","page","type-page","status-publish","hentry"],"_links":{"self":[{"href":"https:\/\/laila-gssime.notaires.fr\/index.php?rest_route=\/wp\/v2\/pages\/261","targetHints":{"allow":["GET"]}}],"collection":[{"href":"https:\/\/laila-gssime.notaires.fr\/index.php?rest_route=\/wp\/v2\/pages"}],"about":[{"href":"https:\/\/laila-gssime.notaires.fr\/index.php?rest_route=\/wp\/v2\/types\/page"}],"author":[{"embeddable":true,"href":"https:\/\/laila-gssime.notaires.fr\/index.php?rest_route=\/wp\/v2\/users\/1"}],"replies":[{"embeddable":true,"href":"https:\/\/laila-gssime.notaires.fr\/index.php?rest_route=%2Fwp%2Fv2%2Fcomments&post=261"}],"version-history":[{"count":25,"href":"https:\/\/laila-gssime.notaires.fr\/index.php?rest_route=\/wp\/v2\/pages\/261\/revisions"}],"predecessor-version":[{"id":895,"href":"https:\/\/laila-gssime.notaires.fr\/index.php?rest_route=\/wp\/v2\/pages\/261\/revisions\/895"}],"wp:attachment":[{"href":"https:\/\/laila-gssime.notaires.fr\/index.php?rest_route=%2Fwp%2Fv2%2Fmedia&parent=261"}],"curies":[{"name":"wp","href":"https:\/\/api.w.org\/{rel}","templated":true}]}}