{"id":144,"date":"2026-01-20T17:51:04","date_gmt":"2026-01-20T17:51:04","guid":{"rendered":"https:\/\/client12.s1.notaires-ia.fr\/?page_id=144"},"modified":"2026-04-14T09:25:05","modified_gmt":"2026-04-14T09:25:05","slug":"ressources","status":"publish","type":"page","link":"https:\/\/laila-gssime.notaires.fr\/?page_id=144","title":{"rendered":"Ressources"},"content":{"rendered":"\t\t<div data-elementor-type=\"wp-page\" data-elementor-id=\"144\" class=\"elementor elementor-144\" data-elementor-post-type=\"page\">\n\t\t\t\t<div class=\"elementor-element elementor-element-2846a59 e-flex e-con-boxed e-con e-parent\" data-id=\"2846a59\" data-element_type=\"container\" data-settings=\"{&quot;background_background&quot;:&quot;classic&quot;}\">\n\t\t\t\t\t<div class=\"e-con-inner\">\n\t\t\t\t<div class=\"elementor-element elementor-element-14ff595 elementor-widget elementor-widget-image\" data-id=\"14ff595\" data-element_type=\"widget\" data-widget_type=\"image.default\">\n\t\t\t\t\t\t\t\t\t\t\t\t\t\t\t<img decoding=\"async\" width=\"800\" height=\"800\" src=\"https:\/\/laila-gssime.notaires.fr\/wp-content\/uploads\/2026\/02\/no-image-3-1024x1024.png\" class=\"attachment-large size-large wp-image-188\" alt=\"\" srcset=\"https:\/\/laila-gssime.notaires.fr\/wp-content\/uploads\/2026\/02\/no-image-3-1024x1024.png 1024w, https:\/\/laila-gssime.notaires.fr\/wp-content\/uploads\/2026\/02\/no-image-3-e1771082332799-150x150.png 150w\" sizes=\"(max-width: 800px) 100vw, 800px\" \/>\t\t\t\t\t\t\t\t\t\t\t\t\t\t\t<\/div>\n\t\t\t\t<div class=\"elementor-element elementor-element-b55e69b elementor-widget elementor-widget-heading\" data-id=\"b55e69b\" data-element_type=\"widget\" data-widget_type=\"heading.default\">\n\t\t\t\t\t<h2 class=\"elementor-heading-title elementor-size-default\">Legal Design<\/h2>\t\t\t\t<\/div>\n\t\t\t\t<div class=\"elementor-element elementor-element-d1be508 elementor-widget elementor-widget-heading\" data-id=\"d1be508\" data-element_type=\"widget\" data-widget_type=\"heading.default\">\n\t\t\t\t\t<h2 class=\"elementor-heading-title elementor-size-default\">Comprendre le droit pour mieux d\u00e9cider<\/h2>\t\t\t\t<\/div>\n\t\t\t\t\t<\/div>\n\t\t\t\t<\/div>\n\t\t<div class=\"elementor-element elementor-element-aefc33f e-con-full e-flex e-con e-parent\" data-id=\"aefc33f\" data-element_type=\"container\">\n\t\t\t\t<div class=\"elementor-element elementor-element-852fa9c elementor-widget elementor-widget-ucaddon_post_list\" data-id=\"852fa9c\" data-element_type=\"widget\" data-widget_type=\"ucaddon_post_list.default\">\n\t\t\t\t<div class=\"elementor-widget-container\">\n\t\t\t\t\t\n<!-- start Post List -->\n\t\t<link id='font-awesome-css' href='https:\/\/laila-gssime.notaires.fr\/wp-content\/plugins\/unlimited-elements-for-elementor-premium\/assets_libraries\/font-awesome6\/fontawesome-all.min.css' type='text\/css' rel='stylesheet' >\n\t\t<link id='font-awesome-4-shim-css' href='https:\/\/laila-gssime.notaires.fr\/wp-content\/plugins\/unlimited-elements-for-elementor-premium\/assets_libraries\/font-awesome6\/fontawesome-v4-shims.min.css' type='text\/css' rel='stylesheet' >\n\n<style>\/* widget: Post List *\/\n\n\r\n@keyframes uc_post_list_elementor_852fa9c__item-animation {\r\n  0% {\r\n            transform: translateX(-100px);\r\n        \t        \tfilter: blur(10px);\r\n\t\t\t\r\n    \t    opacity: 0;\r\n  }\r\n  100% {\r\n            transform: translateX(0px);\r\n        \t            filter: blur(0px);\r\n            \r\n    \t\topacity: 1;\r\n  }\r\n}\r\n\r\n\r\n#uc_post_list_elementor_852fa9c .uc_post_list_box{\r\n\topacity:0;\r\n}\r\n\r\n\r\n#uc_post_list_elementor_852fa9c .uc-entrance-animate {\r\n  opacity:1;\r\n}\r\n\r\n#uc_post_list_elementor_852fa9c .uc-entrance-animate {\r\n\tanimation: uc_post_list_elementor_852fa9c__item-animation 0.6s cubic-bezier(0.470, 0.000, 0.745, 0.715) both;\r\n}\r\n\r\n\t\t\t\n\n#uc_post_list_elementor_852fa9c{\n  display:grid;\n}\n\n#uc_post_list_elementor_852fa9c .uc_post_list_image div{\n  background-size:cover;\n  background-position:center;\n}\n\n.uc_post_list .uc_post_list_box{\n\tposition: relative;\n\toverflow: hidden;\n\tdisplay: flex;\n}\n\n#uc_post_list_elementor_852fa9c .uc_post_list_image{\n  flex-grow:0;\n  flex-shrink:0;\n  overflow: hidden;\n}\n\n#uc_post_list_elementor_852fa9c .uc_post_list_image img{\n  width:100%;\n  height:100%;\n  display:block;\n  transition:0.3s;  \n  position: relative;\n  z-index: 1;\n}\n\n.uc_post_list_title a{\n    position: relative;\n    z-index: 1;\n\tcolor: #333333;\n    display: block;\n}\n\n.uc_post_list_date{\n\tfont-size: 12px;\n}\n\n#uc_post_list_elementor_852fa9c .uc_post_list_content{\n  display:flex;\n  flex-direction:column;\n  flex:1;\n}\n\n#uc_post_list_elementor_852fa9c .uc_more_btn{\n  text-align:center;\n  text-decoration:none;\n  transition:0.3s;\n  position: relative;\n  z-index: 1;\n}\n\n#uc_post_list_elementor_852fa9c .button-on-side{\n  display:flex;\n  align-items:center;\n}\n\n#uc_post_list_elementor_852fa9c .ue-grid-item-category{\n  display: flex;\n  align-items: center;\n}\n\n.ue-grid-item-category a{\n  display:inline-block;\n  font-size:10px;\n  text-transform:uppercase;\n  white-space: nowrap;\n}\n\n#uc_post_list_elementor_852fa9c .ue-meta-data{  \n  display:flex;\n  flex-wrap: wrap;\n  line-height:1em;\n}\n\n#uc_post_list_elementor_852fa9c .ue-grid-item-meta-data{\n      display:inline-flex;\n      align-items:center;\n}\n\n.ue-grid-item-meta-data{\n  font-size:12px;\n}\n\n#uc_post_list_elementor_852fa9c .ue-grid-item-meta-data-icon{\n  line-height:1em;\n}\n\n#uc_post_list_elementor_852fa9c .ue-grid-item-meta-data-icon svg{\n  width:1em;\n  height:1em;\n} \n\n#uc_post_list_elementor_852fa9c .ue-debug-meta{\n  padding:10px;\n  border:1px solid red;\n  position:relative;\n  line-height:1.5em;\n  font-size:11px;\n  width:100%;\n}\n\n.uc-remote-parent .uc_post_list_box{\n\tcursor:pointer;\n}\n\n#uc_post_list_elementor_852fa9c .ue-post-link-overlay{\n  display:block;\n  position:absolute;\n  top:0;\n  bottom:0;\n  right:0;\n  left:0;\n}\n\n\n\n\n\n<\/style>\n\n<div class=\"uc_post_list uc-items-wrapper \" id=\"uc_post_list_elementor_852fa9c\"  >    \t\n  <div class=\"uc_post_list_box\" data-category=\"Legal design\">\n  \n  \t    <div class=\"uc_post_list_image\">\n      <a href=\"https:\/\/laila-gssime.notaires.fr\/?p=679\" target=\"_blank\" title=\"Le Viager\">\n          \n            <img decoding=\"async\" src=\"https:\/\/laila-gssime.notaires.fr\/wp-content\/uploads\/2026\/04\/pexels-travel-photographer-127255675-29584939.jpg\"  src=\"https:\/\/laila-gssime.notaires.fr\/wp-content\/uploads\/2026\/04\/pexels-travel-photographer-127255675-29584939.jpg\" alt=\"pexels-travel-photographer-127255675-29584939\" width=\"640\" height=\"427\">\n        \t        \n      <\/a>\n    <\/div>\n  \t\t\n  \n    <div class=\"uc_post_list_content\">\n      <div class=\"uc_post_list_content_inside\">\n        \n                \n             \n        <div class=\"uc_post_list_title\"><a target=\"_blank\" href=\"https:\/\/laila-gssime.notaires.fr\/?p=679\" title=\"Le Viager\">Le Viager<\/a><\/div>                 \n        <div class=\"ue-meta-data\">\n                 \n                \n            \n              \n              \n  \n      \n<\/div>      \n               \n        <div class=\"uc_post_content\">Le Viager \u2014 Ma\u00eetre La\u00efla Gssime, Notaire \u00e0 Aix-en-Provence\n\n\n\n\n\n Legal Design\nLe ViagerComment \u00e7a fonctionne...<\/div>                          \n                \n      <\/div>\n    <\/div>\n     \n       \n  \n   <\/div>\n<div class=\"uc_post_list_box\" data-category=\"Legal design\">\n  \n  \t    <div class=\"uc_post_list_image\">\n      <a href=\"https:\/\/laila-gssime.notaires.fr\/?p=677\" target=\"_blank\" title=\"Le mandat de protection future\">\n          \n            <img loading=\"lazy\" decoding=\"async\" src=\"https:\/\/laila-gssime.notaires.fr\/wp-content\/uploads\/2026\/04\/pexels-karola-g-7876093.jpg\"  src=\"https:\/\/laila-gssime.notaires.fr\/wp-content\/uploads\/2026\/04\/pexels-karola-g-7876093.jpg\" alt=\"pexels-karola-g-7876093\" width=\"640\" height=\"427\">\n        \t        \n      <\/a>\n    <\/div>\n  \t\t\n  \n    <div class=\"uc_post_list_content\">\n      <div class=\"uc_post_list_content_inside\">\n        \n                \n             \n        <div class=\"uc_post_list_title\"><a target=\"_blank\" href=\"https:\/\/laila-gssime.notaires.fr\/?p=677\" title=\"Le mandat de protection future\">Le mandat de protection future<\/a><\/div>                 \n        <div class=\"ue-meta-data\">\n                 \n                \n            \n              \n              \n  \n      \n<\/div>      \n               \n        <div class=\"uc_post_content\">Le Mandat de Protection Future \u2014 Ma\u00eetre La\u00efla Gssime, Notaire \u00e0 Aix-en-Provence\n\n\n\n\n\n Legal Design\nLe...<\/div>                          \n                \n      <\/div>\n    <\/div>\n     \n       \n  \n   <\/div>\n<div class=\"uc_post_list_box\" data-category=\"Legal design\">\n  \n  \t    <div class=\"uc_post_list_image\">\n      <a href=\"https:\/\/laila-gssime.notaires.fr\/?p=674\" target=\"_blank\" title=\"La SCI Familiale\">\n          \n            <img loading=\"lazy\" decoding=\"async\" src=\"https:\/\/laila-gssime.notaires.fr\/wp-content\/uploads\/2026\/04\/pexels-dmitry-rodionov-30660801.jpg\"  src=\"https:\/\/laila-gssime.notaires.fr\/wp-content\/uploads\/2026\/04\/pexels-dmitry-rodionov-30660801.jpg\" alt=\"pexels-dmitry-rodionov-30660801\" width=\"640\" height=\"960\">\n        \t        \n      <\/a>\n    <\/div>\n  \t\t\n  \n    <div class=\"uc_post_list_content\">\n      <div class=\"uc_post_list_content_inside\">\n        \n                \n             \n        <div class=\"uc_post_list_title\"><a target=\"_blank\" href=\"https:\/\/laila-gssime.notaires.fr\/?p=674\" title=\"La SCI Familiale\">La SCI Familiale<\/a><\/div>                 \n        <div class=\"ue-meta-data\">\n                 \n                \n            \n              \n              \n  \n      \n<\/div>      \n               \n        <div class=\"uc_post_content\">La SCI Familiale \u2014 Ma\u00eetre La\u00efla Gssime, Notaire \u00e0 Aix-en-Provence\n\n\n\n\n\n Legal Design\nLa SCI FamilialePourquoi...<\/div>                          \n                \n      <\/div>\n    <\/div>\n     \n       \n  \n   <\/div>\n<div class=\"uc_post_list_box\" data-category=\"Legal design\">\n  \n  \t    <div class=\"uc_post_list_image\">\n      <a href=\"https:\/\/laila-gssime.notaires.fr\/?p=453\" target=\"_blank\" title=\"Fiscalit\u00e9 de l\u2019assurance-vie : rachat et transmission\">\n          \n            <img loading=\"lazy\" decoding=\"async\" src=\"https:\/\/laila-gssime.notaires.fr\/wp-content\/uploads\/2026\/03\/ChatGPT-Image-9-mars-2026-13_41_57-768x512.png\"  src=\"https:\/\/laila-gssime.notaires.fr\/wp-content\/uploads\/2026\/03\/ChatGPT-Image-9-mars-2026-13_41_57-768x512.png\" alt=\"Fiscalit\u00e9 de l&#039;assurance vie\" width=\"768\" height=\"512\">\n        \t        \n      <\/a>\n    <\/div>\n  \t\t\n  \n    <div class=\"uc_post_list_content\">\n      <div class=\"uc_post_list_content_inside\">\n        \n                \n             \n        <div class=\"uc_post_list_title\"><a target=\"_blank\" href=\"https:\/\/laila-gssime.notaires.fr\/?p=453\" title=\"Fiscalit\u00e9 de l\u2019assurance-vie : rachat et transmission\">Fiscalit\u00e9 de l\u2019assurance-vie : rachat et transmission<\/a><\/div>                 \n        <div class=\"ue-meta-data\">\n                 \n                \n            \n              \n              \n  \n      \n<\/div>      \n               \n        <div class=\"uc_post_content\">Comment fonctionne la fiscalit\u00e9 de l\u2019assurance-vie ? D\u00e9couvrez les r\u00e8gles applicables lors d\u2019un rachat...<\/div>                          \n                \n      <\/div>\n    <\/div>\n     \n       \n  \n   <\/div>\n<div class=\"uc_post_list_box\" data-category=\"Legal design\">\n  \n  \t    <div class=\"uc_post_list_image\">\n      <a href=\"https:\/\/laila-gssime.notaires.fr\/?p=441\" target=\"_blank\" title=\"Le Pacte Dutreil : un dispositif pour faciliter la transmission d\u2019entreprise\">\n          \n            <img loading=\"lazy\" decoding=\"async\" src=\"https:\/\/laila-gssime.notaires.fr\/wp-content\/uploads\/2026\/03\/ChatGPT-Image-9-mars-2026-13_36_53-768x512.png\"  src=\"https:\/\/laila-gssime.notaires.fr\/wp-content\/uploads\/2026\/03\/ChatGPT-Image-9-mars-2026-13_36_53-768x512.png\" alt=\"pacte dutreil\" width=\"768\" height=\"512\">\n        \t        \n      <\/a>\n    <\/div>\n  \t\t\n  \n    <div class=\"uc_post_list_content\">\n      <div class=\"uc_post_list_content_inside\">\n        \n                \n             \n        <div class=\"uc_post_list_title\"><a target=\"_blank\" href=\"https:\/\/laila-gssime.notaires.fr\/?p=441\" title=\"Le Pacte Dutreil : un dispositif pour faciliter la transmission d\u2019entreprise\">Le Pacte Dutreil : un dispositif pour faciliter la transmission d\u2019entreprise<\/a><\/div>                 \n        <div class=\"ue-meta-data\">\n                 \n                \n            \n              \n              \n  \n      \n<\/div>      \n               \n        <div class=\"uc_post_content\">Le Pacte Dutreil permet de transmettre une entreprise avec un abattement fiscal de 75 %. D\u00e9couvrez les...<\/div>                          \n                \n      <\/div>\n    <\/div>\n     \n       \n  \n   <\/div>\n<div class=\"uc_post_list_box\" data-category=\"Legal design\">\n  \n  \t    <div class=\"uc_post_list_image\">\n      <a href=\"https:\/\/laila-gssime.notaires.fr\/?p=428\" target=\"_blank\" title=\"La soci\u00e9t\u00e9 civile : d\u00e9finition et int\u00e9r\u00eats\">\n          \n            <img loading=\"lazy\" decoding=\"async\" src=\"https:\/\/laila-gssime.notaires.fr\/wp-content\/uploads\/2026\/03\/ChatGPT-Image-9-mars-2026-12_31_16-768x512.png\"  src=\"https:\/\/laila-gssime.notaires.fr\/wp-content\/uploads\/2026\/03\/ChatGPT-Image-9-mars-2026-12_31_16-768x512.png\" alt=\"Les fonctionnement d&#039;une societe civile\" width=\"768\" height=\"512\">\n        \t        \n      <\/a>\n    <\/div>\n  \t\t\n  \n    <div class=\"uc_post_list_content\">\n      <div class=\"uc_post_list_content_inside\">\n        \n                \n             \n        <div class=\"uc_post_list_title\"><a target=\"_blank\" href=\"https:\/\/laila-gssime.notaires.fr\/?p=428\" title=\"La soci\u00e9t\u00e9 civile : d\u00e9finition et int\u00e9r\u00eats\">La soci\u00e9t\u00e9 civile : d\u00e9finition et int\u00e9r\u00eats<\/a><\/div>                 \n        <div class=\"ue-meta-data\">\n                 \n                \n            \n              \n              \n  \n      \n<\/div>      \n               \n        <div class=\"uc_post_content\">Qu\u2019est-ce qu\u2019une soci\u00e9t\u00e9 civile ? D\u00e9couvrez le fonctionnement de la soci\u00e9t\u00e9 civile et ses avantages pour...<\/div>                          \n                \n      <\/div>\n    <\/div>\n     \n       \n  \n   <\/div>\n<div class=\"uc_post_list_box\" data-category=\"Legal design\">\n  \n  \t    <div class=\"uc_post_list_image\">\n      <a href=\"https:\/\/laila-gssime.notaires.fr\/?p=415\" target=\"_blank\" title=\"Divorce : les diff\u00e9rentes proc\u00e9dures possibles\">\n          \n            <img loading=\"lazy\" decoding=\"async\" src=\"https:\/\/laila-gssime.notaires.fr\/wp-content\/uploads\/2026\/03\/ChatGPT-Image-9-mars-2026-12_27_44-768x512.png\"  src=\"https:\/\/laila-gssime.notaires.fr\/wp-content\/uploads\/2026\/03\/ChatGPT-Image-9-mars-2026-12_27_44-768x512.png\" alt=\"Les diff\u00e9rents types de divorces\" width=\"768\" height=\"512\">\n        \t        \n      <\/a>\n    <\/div>\n  \t\t\n  \n    <div class=\"uc_post_list_content\">\n      <div class=\"uc_post_list_content_inside\">\n        \n                \n             \n        <div class=\"uc_post_list_title\"><a target=\"_blank\" href=\"https:\/\/laila-gssime.notaires.fr\/?p=415\" title=\"Divorce : les diff\u00e9rentes proc\u00e9dures possibles\">Divorce : les diff\u00e9rentes proc\u00e9dures possibles<\/a><\/div>                 \n        <div class=\"ue-meta-data\">\n                 \n                \n            \n              \n              \n  \n      \n<\/div>      \n               \n        <div class=\"uc_post_content\">Quels sont les diff\u00e9rents types de divorce en France ? D\u00e9couvrez les proc\u00e9dures de divorce par consentement...<\/div>                          \n                \n      <\/div>\n    <\/div>\n     \n       \n  \n   <\/div>\n<div class=\"uc_post_list_box\" data-category=\"Legal design\">\n  \n  \t    <div class=\"uc_post_list_image\">\n      <a href=\"https:\/\/laila-gssime.notaires.fr\/?p=403\" target=\"_blank\" title=\"Achat immobilier : les \u00e9tapes entre la promesse de vente et la signature\">\n          \n            <img loading=\"lazy\" decoding=\"async\" src=\"https:\/\/laila-gssime.notaires.fr\/wp-content\/uploads\/2026\/03\/ChatGPT-Image-9-mars-2026-12_21_55-768x512.png\"  src=\"https:\/\/laila-gssime.notaires.fr\/wp-content\/uploads\/2026\/03\/ChatGPT-Image-9-mars-2026-12_21_55-768x512.png\" alt=\"ChatGPT Image 9 mars 2026, 12_21_55\" width=\"768\" height=\"512\">\n        \t        \n      <\/a>\n    <\/div>\n  \t\t\n  \n    <div class=\"uc_post_list_content\">\n      <div class=\"uc_post_list_content_inside\">\n        \n                \n             \n        <div class=\"uc_post_list_title\"><a target=\"_blank\" href=\"https:\/\/laila-gssime.notaires.fr\/?p=403\" title=\"Achat immobilier : les \u00e9tapes entre la promesse de vente et la signature\">Achat immobilier : les \u00e9tapes entre la promesse de vente et la signature<\/a><\/div>                 \n        <div class=\"ue-meta-data\">\n                 \n                \n            \n              \n              \n  \n      \n<\/div>      \n               \n        <div class=\"uc_post_content\">Comment se d\u00e9roule un achat immobilier ? D\u00e9couvrez les \u00e9tapes entre la promesse de vente et la signature...<\/div>                          \n                \n      <\/div>\n    <\/div>\n     \n       \n  \n   <\/div>\n<div class=\"uc_post_list_box\" data-category=\"Legal design\">\n  \n  \t    <div class=\"uc_post_list_image\">\n      <a href=\"https:\/\/laila-gssime.notaires.fr\/?p=389\" target=\"_blank\" title=\"Le testament : \u00e0 quoi sert-il et comment fonctionne-t-il ?\">\n          \n            <img loading=\"lazy\" decoding=\"async\" src=\"https:\/\/laila-gssime.notaires.fr\/wp-content\/uploads\/2026\/03\/ChatGPT-Image-9-mars-2026-12_12_42-768x512.png\"  src=\"https:\/\/laila-gssime.notaires.fr\/wp-content\/uploads\/2026\/03\/ChatGPT-Image-9-mars-2026-12_12_42-768x512.png\" alt=\"ChatGPT Image 9 mars 2026, 12_12_42\" width=\"768\" height=\"512\">\n        \t        \n      <\/a>\n    <\/div>\n  \t\t\n  \n    <div class=\"uc_post_list_content\">\n      <div class=\"uc_post_list_content_inside\">\n        \n                \n             \n        <div class=\"uc_post_list_title\"><a target=\"_blank\" href=\"https:\/\/laila-gssime.notaires.fr\/?p=389\" title=\"Le testament : \u00e0 quoi sert-il et comment fonctionne-t-il ?\">Le testament : \u00e0 quoi sert-il et comment fonctionne-t-il ?<\/a><\/div>                 \n        <div class=\"ue-meta-data\">\n                 \n                \n            \n              \n              \n  \n      \n<\/div>      \n               \n        <div class=\"uc_post_content\">Le testament permet d\u2019organiser la transmission de son patrimoine apr\u00e8s son d\u00e9c\u00e8s. D\u00e9couvrez son fonctionnement,...<\/div>                          \n                \n      <\/div>\n    <\/div>\n     \n       \n  \n   <\/div>\n<div class=\"uc_post_list_box\" data-category=\"Legal design\">\n  \n  \t    <div class=\"uc_post_list_image\">\n      <a href=\"https:\/\/laila-gssime.notaires.fr\/?p=377\" target=\"_blank\" title=\"Le PACS : d\u00e9finition et fonctionnement\">\n          \n            <img loading=\"lazy\" decoding=\"async\" src=\"https:\/\/laila-gssime.notaires.fr\/wp-content\/uploads\/2026\/03\/ChatGPT-Image-9-mars-2026-11_59_56-768x512.png\"  src=\"https:\/\/laila-gssime.notaires.fr\/wp-content\/uploads\/2026\/03\/ChatGPT-Image-9-mars-2026-11_59_56-768x512.png\" alt=\"PACS\" width=\"768\" height=\"512\">\n        \t        \n      <\/a>\n    <\/div>\n  \t\t\n  \n    <div class=\"uc_post_list_content\">\n      <div class=\"uc_post_list_content_inside\">\n        \n                \n             \n        <div class=\"uc_post_list_title\"><a target=\"_blank\" href=\"https:\/\/laila-gssime.notaires.fr\/?p=377\" title=\"Le PACS : d\u00e9finition et fonctionnement\">Le PACS : d\u00e9finition et fonctionnement<\/a><\/div>                 \n        <div class=\"ue-meta-data\">\n                 \n                \n            \n              \n              \n  \n      \n<\/div>      \n               \n        <div class=\"uc_post_content\">Qu\u2019est-ce que le PACS ? D\u00e9couvrez le fonctionnement du pacte civil de solidarit\u00e9, ses effets sur les...<\/div>                          \n                \n      <\/div>\n    <\/div>\n     \n       \n  \n   <\/div>\n\n<\/div>\n\n  <div id=\"uc_post_list_elementor_852fa9c_empty_message\" class=\"ue-no-posts-found\"  style=\"display:none\" >No posts found<\/div>\n\n<!-- end Post List -->\t\t\t\t<\/div>\n\t\t\t\t<\/div>\n\t\t\t\t<\/div>\n\t\t\t\t<\/div>\n\t\t","protected":false},"excerpt":{"rendered":"<p>Legal Design Comprendre le droit pour mieux d\u00e9cider Le Viager Le Viager \u2014 Ma\u00eetre La\u00efla Gssime, Notaire \u00e0 Aix-en-Provence Legal Design Le ViagerComment \u00e7a fonctionne&#8230; Le mandat de protection future Le Mandat de Protection Future \u2014 Ma\u00eetre La\u00efla Gssime, Notaire \u00e0 Aix-en-Provence Legal Design Le&#8230; La SCI Familiale La SCI Familiale \u2014 Ma\u00eetre La\u00efla Gssime, [&hellip;]<\/p>\n","protected":false},"author":1,"featured_media":0,"parent":0,"menu_order":0,"comment_status":"closed","ping_status":"closed","template":"","meta":{"footnotes":""},"class_list":["post-144","page","type-page","status-publish","hentry"],"_links":{"self":[{"href":"https:\/\/laila-gssime.notaires.fr\/index.php?rest_route=\/wp\/v2\/pages\/144","targetHints":{"allow":["GET"]}}],"collection":[{"href":"https:\/\/laila-gssime.notaires.fr\/index.php?rest_route=\/wp\/v2\/pages"}],"about":[{"href":"https:\/\/laila-gssime.notaires.fr\/index.php?rest_route=\/wp\/v2\/types\/page"}],"author":[{"embeddable":true,"href":"https:\/\/laila-gssime.notaires.fr\/index.php?rest_route=\/wp\/v2\/users\/1"}],"replies":[{"embeddable":true,"href":"https:\/\/laila-gssime.notaires.fr\/index.php?rest_route=%2Fwp%2Fv2%2Fcomments&post=144"}],"version-history":[{"count":34,"href":"https:\/\/laila-gssime.notaires.fr\/index.php?rest_route=\/wp\/v2\/pages\/144\/revisions"}],"predecessor-version":[{"id":995,"href":"https:\/\/laila-gssime.notaires.fr\/index.php?rest_route=\/wp\/v2\/pages\/144\/revisions\/995"}],"wp:attachment":[{"href":"https:\/\/laila-gssime.notaires.fr\/index.php?rest_route=%2Fwp%2Fv2%2Fmedia&parent=144"}],"curies":[{"name":"wp","href":"https:\/\/api.w.org\/{rel}","templated":true}]}}